{"id":99,"date":"2015-06-11T20:26:51","date_gmt":"2015-06-11T18:26:51","guid":{"rendered":"http:\/\/solaonh.no\/?page_id=99"},"modified":"2020-04-22T18:48:04","modified_gmt":"2020-04-22T16:48:04","slug":"linker","status":"publish","type":"page","link":"https:\/\/solaonh.no\/wordpress\/linker\/","title":{"rendered":"Linker"},"content":{"rendered":"<div id=\"pl-99\"  class=\"panel-layout\" ><div id=\"pg-99-0\"  class=\"panel-grid panel-has-style\" ><div class=\"siteorigin-panels-stretch panel-row-style panel-row-style-for-99-0\" data-stretch-type=\"full\" ><div id=\"pgc-99-0-0\"  class=\"panel-grid-cell\" ><div id=\"panel-99-0-0-0\" class=\"so-panel widget widget_media_image panel-first-child panel-last-child\" data-index=\"0\" ><a href=\"https:\/\/www.hlf.no\"><img loading=\"lazy\" decoding=\"async\" width=\"250\" height=\"141\" src=\"https:\/\/solaonh.no\/wordpress\/wp-content\/uploads\/2015\/06\/original.512x287-e1513078513700.jpg\" class=\"image wp-image-111  attachment-250x141 size-250x141\" alt=\"\" style=\"max-width: 100%; height: auto;\" \/><\/a><\/div><\/div><div id=\"pgc-99-0-1\"  class=\"panel-grid-cell panel-grid-cell-empty\" ><\/div><div id=\"pgc-99-0-2\"  class=\"panel-grid-cell\" ><div id=\"panel-99-0-2-0\" class=\"so-panel widget widget_media_image panel-first-child panel-last-child\" data-index=\"1\" ><a href=\"http:\/\/legeforeningen.no\"><img loading=\"lazy\" decoding=\"async\" width=\"250\" height=\"123\" src=\"https:\/\/solaonh.no\/wordpress\/wp-content\/uploads\/2018\/01\/Legeforeningen_farger-600x296.jpg\" class=\"image wp-image-398  attachment-250x123 size-250x123\" alt=\"\" style=\"max-width: 100%; height: auto;\" srcset=\"https:\/\/solaonh.no\/wordpress\/wp-content\/uploads\/2018\/01\/Legeforeningen_farger-600x296.jpg 600w, https:\/\/solaonh.no\/wordpress\/wp-content\/uploads\/2018\/01\/Legeforeningen_farger-768x379.jpg 768w, https:\/\/solaonh.no\/wordpress\/wp-content\/uploads\/2018\/01\/Legeforeningen_farger.jpg 1000w\" sizes=\"auto, (max-width: 250px) 100vw, 250px\" \/><\/a><\/div><\/div><\/div><\/div><div id=\"pg-99-1\"  class=\"panel-grid panel-has-style\" ><div class=\"siteorigin-panels-stretch panel-row-style panel-row-style-for-99-1\" data-stretch-type=\"full\" ><div id=\"pgc-99-1-0\"  class=\"panel-grid-cell\" ><div id=\"panel-99-1-0-0\" class=\"so-panel widget widget_media_image panel-first-child panel-last-child\" data-index=\"2\" ><a href=\"https:\/\/helsenorge.no\"><img loading=\"lazy\" decoding=\"async\" width=\"250\" height=\"150\" src=\"https:\/\/solaonh.no\/wordpress\/wp-content\/uploads\/2017\/12\/helsenorge.no_.jpg\" class=\"image wp-image-302  attachment-full size-full\" alt=\"\" style=\"max-width: 100%; height: auto;\" \/><\/a><\/div><\/div><div id=\"pgc-99-1-1\"  class=\"panel-grid-cell\" ><div id=\"panel-99-1-1-0\" class=\"so-panel widget widget_media_image panel-first-child panel-last-child\" data-index=\"3\" ><h3 class=\"widget-title\">Vestlandspasienten \u2013 Digitale helsetenester p\u00e5 nett<\/h3><a href=\"https:\/\/helse-vest.no\/vestlandspasienten\"><img loading=\"lazy\" decoding=\"async\" width=\"250\" height=\"63\" src=\"https:\/\/solaonh.no\/wordpress\/wp-content\/uploads\/2017\/12\/helse-vest-e1513291057644.jpg\" class=\"image wp-image-303  attachment-250x63 size-250x63\" alt=\"\" style=\"max-width: 100%; height: auto;\" title=\"Vestlandspasienten \u2013 Digitale helsetenester p\u00e5 nett\" \/><\/a><\/div><\/div><div id=\"pgc-99-1-2\"  class=\"panel-grid-cell\" ><div id=\"panel-99-1-2-0\" class=\"so-panel widget widget_media_image panel-first-child panel-last-child\" data-index=\"4\" ><h3 class=\"widget-title\">R\u00e5dgivningskontor for h\u00f8rselshemmede<\/h3><a href=\"http:\/\/www.minskole.no\/johanness\"><img loading=\"lazy\" decoding=\"async\" width=\"250\" height=\"47\" src=\"https:\/\/solaonh.no\/wordpress\/wp-content\/uploads\/2015\/06\/top-600x112.jpg\" class=\"image wp-image-109  attachment-250x47 size-250x47\" alt=\"\" style=\"max-width: 100%; height: auto;\" title=\"R\u00e5dgivningskontor for h\u00f8rselshemmede\" srcset=\"https:\/\/solaonh.no\/wordpress\/wp-content\/uploads\/2015\/06\/top-600x112.jpg 600w, https:\/\/solaonh.no\/wordpress\/wp-content\/uploads\/2015\/06\/top-1024x191.jpg 1024w, https:\/\/solaonh.no\/wordpress\/wp-content\/uploads\/2015\/06\/top-e1513078695367.jpg 300w\" sizes=\"auto, (max-width: 250px) 100vw, 250px\" \/><\/a><\/div><\/div><\/div><\/div><div id=\"pg-99-2\"  class=\"panel-grid panel-has-style\" ><div class=\"siteorigin-panels-stretch panel-row-style panel-row-style-for-99-2\" data-stretch-type=\"full\" ><div id=\"pgc-99-2-0\"  class=\"panel-grid-cell\" ><div id=\"panel-99-2-0-0\" class=\"so-panel widget widget_media_image panel-first-child panel-last-child\" data-index=\"5\" ><a href=\"http:\/\/legeforeningen.no\/spesial\/Norsk-forening-for-allergologi-og-immunpatologi\/\"><img loading=\"lazy\" decoding=\"async\" width=\"250\" height=\"85\" src=\"https:\/\/solaonh.no\/wordpress\/wp-content\/uploads\/2015\/06\/Norsk-Forening-for-allergologi.jpg\" class=\"image wp-image-61  attachment-250x85 size-250x85\" alt=\"\" style=\"max-width: 100%; height: auto;\" \/><\/a><\/div><\/div><div id=\"pgc-99-2-1\"  class=\"panel-grid-cell\" ><div id=\"panel-99-2-1-0\" class=\"so-panel widget widget_media_image panel-first-child panel-last-child\" data-index=\"6\" ><a href=\"http:\/\/legeforeningen.no\/Fagmed\/Norsk-Forening-for-Otorhinolaryngologi-Hode--og-Halskirurgi\/\"><img loading=\"lazy\" decoding=\"async\" width=\"209\" height=\"69\" src=\"https:\/\/solaonh.no\/wordpress\/wp-content\/uploads\/2015\/06\/otorlogo.jpg\" class=\"image wp-image-56  attachment-250x83 size-250x83\" alt=\"\" style=\"max-width: 100%; height: auto;\" \/><\/a><\/div><\/div><div id=\"pgc-99-2-2\"  class=\"panel-grid-cell\" ><div id=\"panel-99-2-2-0\" class=\"so-panel widget widget_media_image panel-first-child panel-last-child\" data-index=\"7\" ><a href=\"https:\/\/www.naaf.no\"><img loading=\"lazy\" decoding=\"async\" width=\"250\" height=\"117\" src=\"https:\/\/solaonh.no\/wordpress\/wp-content\/uploads\/2015\/06\/naaf_21174nm-600x280.jpg\" class=\"image wp-image-112  attachment-250x117 size-250x117\" alt=\"\" style=\"max-width: 100%; height: auto;\" srcset=\"https:\/\/solaonh.no\/wordpress\/wp-content\/uploads\/2015\/06\/naaf_21174nm-600x280.jpg 600w, https:\/\/solaonh.no\/wordpress\/wp-content\/uploads\/2015\/06\/naaf_21174nm-e1513078544944.jpg 300w\" sizes=\"auto, (max-width: 250px) 100vw, 250px\" \/><\/a><\/div><\/div><\/div><\/div><\/div>","protected":false},"excerpt":{"rendered":"<p>Vestlandspasienten \u2013 Digitale helsetenester p\u00e5 nettR\u00e5dgivningskontor for h\u00f8rselshemmede<\/p>\n","protected":false},"author":1,"featured_media":0,"parent":0,"menu_order":0,"comment_status":"closed","ping_status":"closed","template":"","meta":{"neve_meta_sidebar":"","neve_meta_container":"","neve_meta_enable_content_width":"","neve_meta_content_width":0,"neve_meta_title_alignment":"","neve_meta_author_avatar":"","neve_post_elements_order":"","neve_meta_disable_header":"","neve_meta_disable_footer":"","neve_meta_disable_title":"","_themeisle_gutenberg_block_has_review":false,"footnotes":""},"class_list":["post-99","page","type-page","status-publish","hentry"],"_links":{"self":[{"href":"https:\/\/solaonh.no\/wordpress\/wp-json\/wp\/v2\/pages\/99","targetHints":{"allow":["GET"]}}],"collection":[{"href":"https:\/\/solaonh.no\/wordpress\/wp-json\/wp\/v2\/pages"}],"about":[{"href":"https:\/\/solaonh.no\/wordpress\/wp-json\/wp\/v2\/types\/page"}],"author":[{"embeddable":true,"href":"https:\/\/solaonh.no\/wordpress\/wp-json\/wp\/v2\/users\/1"}],"replies":[{"embeddable":true,"href":"https:\/\/solaonh.no\/wordpress\/wp-json\/wp\/v2\/comments?post=99"}],"version-history":[{"count":49,"href":"https:\/\/solaonh.no\/wordpress\/wp-json\/wp\/v2\/pages\/99\/revisions"}],"predecessor-version":[{"id":599,"href":"https:\/\/solaonh.no\/wordpress\/wp-json\/wp\/v2\/pages\/99\/revisions\/599"}],"wp:attachment":[{"href":"https:\/\/solaonh.no\/wordpress\/wp-json\/wp\/v2\/media?parent=99"}],"curies":[{"name":"wp","href":"https:\/\/api.w.org\/{rel}","templated":true}]}}