{"id":71,"date":"2015-06-07T21:36:36","date_gmt":"2015-06-07T19:36:36","guid":{"rendered":"http:\/\/solaonh.no\/?page_id=71"},"modified":"2021-02-16T23:20:38","modified_gmt":"2021-02-16T22:20:38","slug":"hva_er_tinnitus","status":"publish","type":"page","link":"https:\/\/solaonh.no\/wordpress\/hva_er_tinnitus\/","title":{"rendered":"Hva er tinnitus ?"},"content":{"rendered":"\n<h2 class=\"wp-block-heading\">Definisjon<\/h2>\n\n\n\n<p>Tinnitus defineres som oppfatning av lyd som utelukkende kommer fra aktivitet i nervesystemet, og som ikke er relatert til noen form for ekstern stimuli. Tinnitus er med andre ord en lydoppfattelse i \u00f8ret eller i hodet, som ikke er for\u00e5rsaket av en ytre lydkilde.<\/p>\n\n\n\n<p>Hvilke lyder man h\u00f8rer varierer fra person til person. Tinnitus beskrives gjerne som en brusende, pipende, susende, ringende, hviskende eller hylende lyd.<\/p>\n\n\n\n<p>\u00c5 h\u00f8re eller oppleve tinnitus er sv\u00e6rt vanlig. For de aller fleste dreier det seg om midlertidig tinnitus som man ikke opplever som skremmende, plagsom eller varig.<\/p>\n\n\n\n<h2 class=\"wp-block-heading\">Klassifisering<\/h2>\n\n\n\n<p>Diagnostisk skiller man mellom subjektiv og objektiv tinnitus.<\/p>\n\n\n\n<p>99 % har subjektiv tinnitus, dette er en tinnitus som bare personen selv kan oppfatte. Det kan v\u00e6re flere \u00e5rsaker til subjektiv tinnitus. H\u00f8rselstap er den vanligste \u00e5rsaken.<\/p>\n\n\n\n<p>Objektiv tinnitus kan oppfattes av andre dersom man lytter p\u00e5 kroppen med riktig utstyr.<\/p>\n\n\n\n<h2 class=\"wp-block-heading\">Akutt og vedvarende tinnitus<\/h2>\n\n\n\n<p>Akutt tinnitus defineres som perioden fra tinnitus oppst\u00e5r og ca 3 mnd frem i tid. Tinnitus som har vart lengre enn 3-6 m\u00e5neder omtaler en som vedvarende tinnitus.<\/p>\n\n\n\n<p>Mange kan dessuten ha hatt ikke- plagsom\/lite plagsom tinnitus i lang tid, men plutselig oppleve en akuttfase hvor man f\u00e5r mer plagsom tinnitus.<\/p>\n\n\n\n<p>Fysiologisk sett er vedvarende tinnitus annerledes enn akutt tinnitus. Den forandringen som skjer med tinnitus over tid har betydning for behandling.<\/p>\n\n\n\n<h2 class=\"wp-block-heading\">Akuttfase<\/h2>\n\n\n\n<p>Tinnitus kan oppst\u00e5 akutt uten noen \u00e5penbar foranledning. Man kan ogs\u00e5 oppleve br\u00e5 endringer av en vedvarende tinnitus, noe som kan oppleves som en akutt situasjon. Akuttfasen kan oppleves vanskelig.<\/p>\n\n\n\n<p>Akutt tinnitus utl\u00f8ser kroppslige stressreaksjoner. Kunnskap om tinnitus og konkrete \u00f8velser for \u00e5 roe ned stress i kroppen er nyttig. I akuttfasen er s\u00f8vn viktig. Dersom det er vanskelig \u00e5 sovne eller man v\u00e5kner mye om natten uten \u00e5 f\u00e5 sove igjen, b\u00f8r man opps\u00f8ke lege for hjelp.<\/p>\n\n\n\n<p>Tinnitus endrer seg over tid og en akutt fase vil g\u00e5 over i en roligere fase. Det er viktig \u00e5 unng\u00e5 fullstendig stillhet i denne perioden.<\/p>\n\n\n\n<p>Akutt tinnitus i kombinasjon med ensidig h\u00f8rselstap og svimmelhet, hodepine, smerte eller renning fra \u00f8ret b\u00f8r f\u00f8re til kontakt med lege.<\/p>\n\n\n\n<div class=\"wp-block-group is-layout-flow wp-block-group-is-layout-flow\"><div class=\"wp-block-group__inner-container\"><\/div><\/div>\n\n\n\n<p><a href=\"http:\/\/www.tinnitus.no\" target=\"_blank\" rel=\"noopener noreferrer\">Kilde Tinnitus.no<\/a><\/p>\n\n\n\n<div class=\"wp-block-columns is-layout-flex wp-container-core-columns-is-layout-9d6595d7 wp-block-columns-is-layout-flex\">\n<div class=\"wp-block-column is-layout-flow wp-block-column-is-layout-flow\"><div\n\t\t\t\n\t\t\tclass=\"so-widget-sow-button so-widget-sow-button-atom-f833dc9ea04e\"\n\t\t\t\n\t\t><div class=\"ow-button-base ow-button-align-center\"\n>\n\t\t\t<a\n\t\t\t\t\thref=\"https:\/\/solaonh.no\/wordpress\/arsaker-til-tinnitus\/\"\n\t\t\t\t\tclass=\"sowb-button ow-icon-placement-bottom ow-button-hover\" \t>\n\t\t<span>\n\t\t\t\n\t\t\t\u00c5RSAKER TIL TINITUS\t\t<\/span>\n\t\t\t<\/a>\n\t<\/div>\n<\/div><\/div>\n\n\n\n<div class=\"wp-block-column is-layout-flow wp-block-column-is-layout-flow\"><div\n\t\t\t\n\t\t\tclass=\"so-widget-sow-button so-widget-sow-button-atom-cd9d550adee7\"\n\t\t\t\n\t\t><div class=\"ow-button-base ow-button-align-center\"\n>\n\t\t\t<a\n\t\t\t\t\thref=\"https:\/\/solaonh.no\/wordpress\/\"\n\t\t\t\t\tclass=\"sowb-button ow-icon-placement-left ow-button-hover\" \t>\n\t\t<span>\n\t\t\t\n\t\t\tTILBAKE TIL FORSIDEN\t\t<\/span>\n\t\t\t<\/a>\n\t<\/div>\n<\/div><\/div>\n<\/div>\n\n\n\n<div class=\"wp-block-group\"><div class=\"wp-block-group__inner-container is-layout-flow wp-block-group-is-layout-flow\">\n<div class=\"wp-block-columns is-layout-flex wp-container-core-columns-is-layout-9d6595d7 wp-block-columns-is-layout-flex\">\n<div class=\"wp-block-column is-layout-flow wp-block-column-is-layout-flow\" style=\"flex-basis:100%\">\n<div class=\"wp-block-columns is-layout-flex wp-container-core-columns-is-layout-9d6595d7 wp-block-columns-is-layout-flex\">\n<div class=\"wp-block-column is-layout-flow wp-block-column-is-layout-flow\" style=\"flex-basis:100%\"><\/div>\n<\/div>\n<\/div>\n<\/div>\n<\/div><\/div>\n\n\n\n<div class=\"wp-block-buttons is-layout-flex wp-block-buttons-is-layout-flex\"><\/div>\n","protected":false},"excerpt":{"rendered":"<p>Definisjon Tinnitus defineres som oppfatning av lyd som utelukkende kommer fra aktivitet i nervesystemet, og som ikke er relatert til noen form for ekstern stimuli. Tinnitus er med andre ord en lydoppfattelse i \u00f8ret eller i hodet, som ikke er for\u00e5rsaket av en ytre lydkilde. Hvilke lyder man h\u00f8rer varierer fra person til person. Tinnitus&hellip;&nbsp;<a href=\"https:\/\/solaonh.no\/wordpress\/hva_er_tinnitus\/\" rel=\"bookmark\">Les mer &raquo;<span class=\"screen-reader-text\">Hva er tinnitus ?<\/span><\/a><\/p>\n","protected":false},"author":1,"featured_media":0,"parent":0,"menu_order":0,"comment_status":"closed","ping_status":"closed","template":"","meta":{"neve_meta_sidebar":"","neve_meta_container":"","neve_meta_enable_content_width":"","neve_meta_content_width":0,"neve_meta_title_alignment":"","neve_meta_author_avatar":"","neve_post_elements_order":"","neve_meta_disable_header":"","neve_meta_disable_footer":"","neve_meta_disable_title":"","_themeisle_gutenberg_block_has_review":false,"footnotes":""},"class_list":["post-71","page","type-page","status-publish","hentry"],"_links":{"self":[{"href":"https:\/\/solaonh.no\/wordpress\/wp-json\/wp\/v2\/pages\/71","targetHints":{"allow":["GET"]}}],"collection":[{"href":"https:\/\/solaonh.no\/wordpress\/wp-json\/wp\/v2\/pages"}],"about":[{"href":"https:\/\/solaonh.no\/wordpress\/wp-json\/wp\/v2\/types\/page"}],"author":[{"embeddable":true,"href":"https:\/\/solaonh.no\/wordpress\/wp-json\/wp\/v2\/users\/1"}],"replies":[{"embeddable":true,"href":"https:\/\/solaonh.no\/wordpress\/wp-json\/wp\/v2\/comments?post=71"}],"version-history":[{"count":17,"href":"https:\/\/solaonh.no\/wordpress\/wp-json\/wp\/v2\/pages\/71\/revisions"}],"predecessor-version":[{"id":748,"href":"https:\/\/solaonh.no\/wordpress\/wp-json\/wp\/v2\/pages\/71\/revisions\/748"}],"wp:attachment":[{"href":"https:\/\/solaonh.no\/wordpress\/wp-json\/wp\/v2\/media?parent=71"}],"curies":[{"name":"wp","href":"https:\/\/api.w.org\/{rel}","templated":true}]}}