{"id":53,"date":"2015-06-07T19:49:17","date_gmt":"2015-06-07T17:49:17","guid":{"rendered":"http:\/\/solaonh.no\/?page_id=53"},"modified":"2021-02-16T22:31:41","modified_gmt":"2021-02-16T21:31:41","slug":"sekretorisk-otitt","status":"publish","type":"page","link":"https:\/\/solaonh.no\/wordpress\/sekretorisk-otitt\/","title":{"rendered":"V\u00e6ske i mellom\u00f8ret"},"content":{"rendered":"<div id=\"pl-53\"  class=\"panel-layout\" ><div id=\"pg-53-0\"  class=\"panel-grid panel-no-style\" ><div id=\"pgc-53-0-0\"  class=\"panel-grid-cell\" ><div id=\"panel-53-0-0-0\" class=\"so-panel widget widget_sow-editor panel-first-child panel-last-child\" data-index=\"0\" ><div\n\t\t\t\n\t\t\tclass=\"so-widget-sow-editor so-widget-sow-editor-base\"\n\t\t\t\n\t\t>\n<div class=\"siteorigin-widget-tinymce textwidget\">\n\t<h2><strong>V\u00e6ske i mellom\u00f8ret \u2013 sekretorisk otitt<\/strong><\/h2>\n<p>Noen barn kan etter en \u00f8rebetennelse eller forkj\u00f8lelse f\u00e5 en opphopning av v\u00e6ske i \u00f8ret. Dette kalles sekretorisk otitt og kan gi plager, for eksempel i form av lett h\u00f8renedsettelse, oppv\u00e5kninger nattestid, iritabilitet ol. Noen barn har ingen plager. Tilstanden g\u00e5r oftest over av seg selv, og hvis den skulle vedvare, finnes det behandling. Barn f\u00e5r dette hyppigere enn voksne bla fordi \u00f8retrompeten fra mellom\u00f8ret til svelget er mer horisontal enn hos voksne<\/p>\n<h2><strong>Hva er sekretorisk otitt?<\/strong><\/h2>\n<p>Mellom\u00f8ret er den delen av \u00f8ret du finner like bak trommehinnen. Dette rommet er vanligvis fylt med luft. Slik kan de tre knoklene som finnes her, bevege seg fritt og overf\u00f8re lydsignaler fra trommehinnen til det indre \u00f8ret. I det indre \u00f8ret omdannes signalene til nerveimpulser som g\u00e5r til hjernen.<\/p>\n<p><img loading=\"lazy\" decoding=\"async\" class=\"alignnone wp-image-45 size-full\" src=\"https:\/\/solaonh.no\/wordpress\/wp-content\/uploads\/2015\/06\/ore_med_balansenerve.jpg\" alt=\"\u00d8re med balansenerve, Sola \u00d8NH klinikk\" width=\"674\" height=\"393\" srcset=\"https:\/\/solaonh.no\/wordpress\/wp-content\/uploads\/2015\/06\/ore_med_balansenerve.jpg 674w, https:\/\/solaonh.no\/wordpress\/wp-content\/uploads\/2015\/06\/ore_med_balansenerve-300x175.jpg 300w\" sizes=\"auto, (max-width: 674px) 100vw, 674px\" \/><\/p>\n<p>Sekretorisk otitt betyr at mellom\u00f8ret fylles med v\u00e6ske. Vanligvis skjer dette etter en \u00f8rebetennelse eller infeksjon \u00f8vre luftveier, dvs forkj\u00f8lelse . V\u00e6sken ligner tykt slim. V\u00e6sken kan forhindre at trommehinnen og de tre knoklene i mellom\u00f8ret beveger seg fritt. Dette f\u00f8rer igjen til at lydsignalet svekkes, h\u00f8rselen blir midlertidig nedsatt.<\/p>\n<p>Sekretorisk otitt er en vanlig tilstand som kan oppst\u00e5 i ett eller i begge \u00f8rer. 80% av alle barn har en periode med dette som varer mer enn 3 mnd f\u00f8r skolealder<\/p>\n<h2><strong>Hva kan symptomene v\u00e6re?<\/strong><\/h2>\n<p>Noe nedsatt h\u00f8rsel er det vanligste symptomet. Du kan merke at barnet ditt ikke h\u00f8rer hva du sier, har lyden h\u00f8yt p\u00e5 TV, iPad etc, ikke f\u00f8lger med p\u00e5 hva som skjer, virke litt irritert. Sm\u00e5 barn vil ofte v\u00e6re plaget med urolig nattes\u00f8vn,oppv\u00e5kninger nattestid, og kanskje ta seg mye til \u00f8rene.<\/p>\n<p>D\u00e5rlig h\u00f8rsel kan ha flere \u00e5rsaker, men sekretorisk otitt er den vanligste hos barn. Dersom du opplever at barnet ditt ikke h\u00f8rer godt, b\u00f8r du opps\u00f8ke fastlegen.<\/p>\n<p>Legen kommer til \u00e5 sjekke \u00f8rene, og kan ogs\u00e5 teste hvor godt trommehinnen fungerer. Hvis barnets sekretoriske otitt ikke forsvinner av seg selv, eller stadig kommer tilbake, kan barnet henvises til en spesialist i \u00d8NH sykdommer.<\/p>\n<h2><strong>Hva slags behandling virker?<\/strong><\/h2>\n<p>Allmennleger anbefaler vanligvis en \u201cvent-og-se\u201d-strategi i begynnelsen. I vent-og-se-perioden vil legen ta barnet inn til kontroller og f\u00f8lge tilstandens utvikling. Hvis v\u00e6sken ikke forsvinner fra mellom\u00f8ret, og barnet har et h\u00f8rselsproblem i begge \u00f8rer, eller er mye plaget av trykkplager kan legen henvise til \u00d8NH lege.<\/p>\n<h2><\/h2>\n<\/div>\n<\/div><\/div><\/div><\/div><div id=\"pg-53-1\"  class=\"panel-grid panel-no-style\" ><div id=\"pgc-53-1-0\"  class=\"panel-grid-cell\" ><div id=\"panel-53-1-0-0\" class=\"so-panel widget widget_sow-button panel-first-child panel-last-child\" data-index=\"1\" ><div\n\t\t\t\n\t\t\tclass=\"so-widget-sow-button so-widget-sow-button-atom-03b44f75957c-53\"\n\t\t\t\n\t\t><div class=\"ow-button-base ow-button-align-center\"\n>\n\t\t\t<a\n\t\t\t\t\thref=\"https:\/\/solaonh.no\/wordpress\/behandlingotitt\/\"\n\t\t\t\t\tclass=\"sowb-button ow-icon-placement-left ow-button-hover\" \t>\n\t\t<span>\n\t\t\t\n\t\t\tBEHANDLING AV SEKRETORISK OTITT\t\t<\/span>\n\t\t\t<\/a>\n\t<\/div>\n<\/div><\/div><\/div><div id=\"pgc-53-1-1\"  class=\"panel-grid-cell\" ><div id=\"panel-53-1-1-0\" class=\"so-panel widget widget_sow-button panel-first-child panel-last-child\" data-index=\"2\" ><div\n\t\t\t\n\t\t\tclass=\"so-widget-sow-button so-widget-sow-button-atom-0b6e32c0c449-53\"\n\t\t\t\n\t\t><div class=\"ow-button-base ow-button-align-center\"\n>\n\t\t\t<a\n\t\t\t\t\thref=\"https:\/\/solaonh.no\/wordpress\"\n\t\t\t\t\tclass=\"sowb-button ow-icon-placement-bottom ow-button-hover\" \t>\n\t\t<span>\n\t\t\t\n\t\t\tTILBAKE TIL FORSIDEN\t\t<\/span>\n\t\t\t<\/a>\n\t<\/div>\n<\/div><\/div><\/div><\/div><\/div>","protected":false},"excerpt":{"rendered":"<p>V\u00e6ske i mellom\u00f8ret \u2013 sekretorisk otitt Noen barn kan etter en \u00f8rebetennelse eller forkj\u00f8lelse f\u00e5 en opphopning av v\u00e6ske i \u00f8ret. Dette kalles sekretorisk otitt og kan gi plager, for eksempel i form av lett h\u00f8renedsettelse, oppv\u00e5kninger nattestid, iritabilitet ol. Noen barn har ingen plager. Tilstanden g\u00e5r oftest over av seg selv, og hvis den&hellip;&nbsp;<a href=\"https:\/\/solaonh.no\/wordpress\/sekretorisk-otitt\/\" rel=\"bookmark\">Les mer &raquo;<span class=\"screen-reader-text\">V\u00e6ske i mellom\u00f8ret<\/span><\/a><\/p>\n","protected":false},"author":1,"featured_media":0,"parent":0,"menu_order":0,"comment_status":"closed","ping_status":"closed","template":"","meta":{"neve_meta_sidebar":"","neve_meta_container":"","neve_meta_enable_content_width":"","neve_meta_content_width":0,"neve_meta_title_alignment":"","neve_meta_author_avatar":"","neve_post_elements_order":"","neve_meta_disable_header":"","neve_meta_disable_footer":"","neve_meta_disable_title":"","_themeisle_gutenberg_block_has_review":false,"footnotes":""},"class_list":["post-53","page","type-page","status-publish","hentry"],"_links":{"self":[{"href":"https:\/\/solaonh.no\/wordpress\/wp-json\/wp\/v2\/pages\/53","targetHints":{"allow":["GET"]}}],"collection":[{"href":"https:\/\/solaonh.no\/wordpress\/wp-json\/wp\/v2\/pages"}],"about":[{"href":"https:\/\/solaonh.no\/wordpress\/wp-json\/wp\/v2\/types\/page"}],"author":[{"embeddable":true,"href":"https:\/\/solaonh.no\/wordpress\/wp-json\/wp\/v2\/users\/1"}],"replies":[{"embeddable":true,"href":"https:\/\/solaonh.no\/wordpress\/wp-json\/wp\/v2\/comments?post=53"}],"version-history":[{"count":11,"href":"https:\/\/solaonh.no\/wordpress\/wp-json\/wp\/v2\/pages\/53\/revisions"}],"predecessor-version":[{"id":88,"href":"https:\/\/solaonh.no\/wordpress\/wp-json\/wp\/v2\/pages\/53\/revisions\/88"}],"wp:attachment":[{"href":"https:\/\/solaonh.no\/wordpress\/wp-json\/wp\/v2\/media?parent=53"}],"curies":[{"name":"wp","href":"https:\/\/api.w.org\/{rel}","templated":true}]}}