{"id":39,"date":"2015-06-07T19:33:50","date_gmt":"2015-06-07T17:33:50","guid":{"rendered":"http:\/\/solaonh.no\/?page_id=39"},"modified":"2020-04-22T19:40:04","modified_gmt":"2020-04-22T17:40:04","slug":"oret","status":"publish","type":"page","link":"https:\/\/solaonh.no\/wordpress\/oret\/","title":{"rendered":"\u00d8ret"},"content":{"rendered":"<div id=\"pl-39\"  class=\"panel-layout\" ><div id=\"pg-39-0\"  class=\"panel-grid panel-no-style\" ><div id=\"pgc-39-0-0\"  class=\"panel-grid-cell\" ><div id=\"panel-39-0-0-0\" class=\"so-panel widget widget_sow-editor panel-first-child panel-last-child\" data-index=\"0\" ><div\n\t\t\t\n\t\t\tclass=\"so-widget-sow-editor so-widget-sow-editor-base\"\n\t\t\t\n\t\t>\n<div class=\"siteorigin-widget-tinymce textwidget\">\n\t<h4><img loading=\"lazy\" decoding=\"async\" class=\"aligncenter wp-image-45 size-full\" src=\"https:\/\/solaonh.no\/wordpress\/wp-content\/uploads\/2015\/06\/ore_med_balansenerve.jpg\" alt=\"\u00d8re med balansenerve\" width=\"674\" height=\"393\" srcset=\"https:\/\/solaonh.no\/wordpress\/wp-content\/uploads\/2015\/06\/ore_med_balansenerve.jpg 674w, https:\/\/solaonh.no\/wordpress\/wp-content\/uploads\/2015\/06\/ore_med_balansenerve-300x175.jpg 300w\" sizes=\"auto, (max-width: 674px) 100vw, 674px\" \/><\/h4>\n<h4>\u00d8ret best\u00e5r av det ytre \u00f8ret, \u00f8regangen, trommehinnen, mellom\u00f8ret med \u00f8retrompeten,\u00a0og det indre \u00f8ret\u00a0med balanseorganet.<\/h4>\n<p><strong>Det ytre \u00f8ret<\/strong> best\u00e5r av \u00f8remusling og ytre \u00f8regang. \u00d8remuslingen har ikke s\u00e5 stor betydning for h\u00f8rselsfunksjonen. \u00d8regangen er ca 3,5 cm lang og tjener blant annet til \u00e5 beskytte trommehinnen. Videre s\u00f8rger den for en forsterkning av lyden inn mot trommehinnen.<\/p>\n<p><strong>Trommehinnen<\/strong> er en tynn, bevegelig elastisk membran (tynn hinne) som ligger innerst i enden av ytre \u00f8regang. Den er med p\u00e5 \u00e5 omdanne lyd i \u00f8regangen til bevegelse i v\u00e6sken som p\u00e5virker sansecellene i det indre \u00f8ret. Trommehinnen danner overgangen mellom \u00f8regang og mellom\u00f8ret.<\/p>\n<p><strong>Mellom\u00f8ret<\/strong> er et luftfylt hulrom og inneholder tre \u00f8reben som er festet sammen: Hammeren, som er festet til trommehinnen; Ambolten, som er festet til hammeren; og Stigb\u00f8ylen, som er festet til ambolten og det ovale vindu. Sammen med trommehinnen s\u00f8rger disse \u00f8rebenene for at energien fra lydb\u00f8lgene i \u00f8regangen forsterkes ytterligere.<\/p>\n<p><strong>\u00d8retrompeten<\/strong> er en trang kanal, omgitt av sm\u00e5 muskler, mellom mellom\u00f8ret og svelget. Den s\u00f8rger for \u00e5 holde trykket innenfor trommehinnen likt med trykket utenfor (atmosf\u00e6retrykket). Det er n\u00f8dvendig for at trommehinnen skal kunne bevege seg fritt. Hvis ikke trykket er likt, f\u00e5r vi en f\u00f8lelse av \u00e5 ha en dott i \u00f8ret (f.eks. n\u00e5r du g\u00e5r opp og ned med fly).<\/p>\n<p><strong>Det indre \u00f8ret<\/strong> best\u00e5r av et v\u00e6skefylt kanalsystem, benlabyrinten. Den best\u00e5r av sneglehuset (cochlea) og balanseorganet. Sansecellene\/h\u00e5rcellene for h\u00f8rselsinntrykk sitter inne i sneglehuset og er omgitt av v\u00e6ske. De kommer i bevegelse n\u00e5r det oppst\u00e5r trykkb\u00f8lger i v\u00e6sken som omgir dem. Bevegelsen omsettes til elektriske impulser gjennom nervetr\u00e5der som samler seg til en nervebunt kalt h\u00f8rselsnerven. Den g\u00e5r inn via indre \u00f8regang til hjernestammen ,og ender i tinningomr\u00e5det av hjernebarken.<\/p>\n<p><strong>Balanseorganet<\/strong> best\u00e5r av tre bueganger som er plassert i i forhold til hverandre. Inni buegangene er det ogs\u00e5 v\u00e6ske og sanseceller. N\u00e5r man beveger p\u00e5 seg, settes v\u00e6sken i bevegelse og sansecellene omsetter igjen til elektrisk impuls som g\u00e5r til balansenerven.<\/p>\n<\/div>\n<\/div><\/div><\/div><\/div><div id=\"pg-39-1\"  class=\"panel-grid panel-no-style\" ><div id=\"pgc-39-1-0\"  class=\"panel-grid-cell\" ><div id=\"panel-39-1-0-0\" class=\"so-panel widget widget_sow-button panel-first-child panel-last-child\" data-index=\"1\" ><div\n\t\t\t\n\t\t\tclass=\"so-widget-sow-button so-widget-sow-button-atom-03b44f75957c-39\"\n\t\t\t\n\t\t><div class=\"ow-button-base ow-button-align-center\"\n>\n\t\t\t<a\n\t\t\t\t\thref=\"https:\/\/solaonh.no\/wordpress\/oreskylling\/\"\n\t\t\t\t\tclass=\"sowb-button ow-icon-placement-left ow-button-hover\" \t>\n\t\t<span>\n\t\t\t\n\t\t\t\u00d8RESKYLLING\t\t<\/span>\n\t\t\t<\/a>\n\t<\/div>\n<\/div><\/div><\/div><div id=\"pgc-39-1-1\"  class=\"panel-grid-cell\" ><div id=\"panel-39-1-1-0\" class=\"so-panel widget widget_sow-button panel-first-child panel-last-child\" data-index=\"2\" ><div\n\t\t\t\n\t\t\tclass=\"so-widget-sow-button so-widget-sow-button-atom-0b6e32c0c449-39\"\n\t\t\t\n\t\t><div class=\"ow-button-base ow-button-align-center\"\n>\n\t\t\t<a\n\t\t\t\t\thref=\"https:\/\/solaonh.no\/wordpress\"\n\t\t\t\t\tclass=\"sowb-button ow-icon-placement-bottom ow-button-hover\" \t>\n\t\t<span>\n\t\t\t\n\t\t\tTILBAKE TIL FORSIDEN\t\t<\/span>\n\t\t\t<\/a>\n\t<\/div>\n<\/div><\/div><\/div><\/div><\/div>","protected":false},"excerpt":{"rendered":"<p>\u00d8ret best\u00e5r av det ytre \u00f8ret, \u00f8regangen, trommehinnen, mellom\u00f8ret med \u00f8retrompeten,\u00a0og det indre \u00f8ret\u00a0med balanseorganet. Det ytre \u00f8ret best\u00e5r av \u00f8remusling og ytre \u00f8regang. \u00d8remuslingen har ikke s\u00e5 stor betydning for h\u00f8rselsfunksjonen. \u00d8regangen er ca 3,5 cm lang og tjener blant annet til \u00e5 beskytte trommehinnen. Videre s\u00f8rger den for en forsterkning av lyden inn&hellip;&nbsp;<a href=\"https:\/\/solaonh.no\/wordpress\/oret\/\" rel=\"bookmark\">Les mer &raquo;<span class=\"screen-reader-text\">\u00d8ret<\/span><\/a><\/p>\n","protected":false},"author":1,"featured_media":0,"parent":0,"menu_order":0,"comment_status":"closed","ping_status":"closed","template":"","meta":{"neve_meta_sidebar":"","neve_meta_container":"","neve_meta_enable_content_width":"","neve_meta_content_width":0,"neve_meta_title_alignment":"","neve_meta_author_avatar":"","neve_post_elements_order":"","neve_meta_disable_header":"","neve_meta_disable_footer":"","neve_meta_disable_title":"","_themeisle_gutenberg_block_has_review":false,"footnotes":""},"class_list":["post-39","page","type-page","status-publish","hentry"],"_links":{"self":[{"href":"https:\/\/solaonh.no\/wordpress\/wp-json\/wp\/v2\/pages\/39","targetHints":{"allow":["GET"]}}],"collection":[{"href":"https:\/\/solaonh.no\/wordpress\/wp-json\/wp\/v2\/pages"}],"about":[{"href":"https:\/\/solaonh.no\/wordpress\/wp-json\/wp\/v2\/types\/page"}],"author":[{"embeddable":true,"href":"https:\/\/solaonh.no\/wordpress\/wp-json\/wp\/v2\/users\/1"}],"replies":[{"embeddable":true,"href":"https:\/\/solaonh.no\/wordpress\/wp-json\/wp\/v2\/comments?post=39"}],"version-history":[{"count":10,"href":"https:\/\/solaonh.no\/wordpress\/wp-json\/wp\/v2\/pages\/39\/revisions"}],"predecessor-version":[{"id":623,"href":"https:\/\/solaonh.no\/wordpress\/wp-json\/wp\/v2\/pages\/39\/revisions\/623"}],"wp:attachment":[{"href":"https:\/\/solaonh.no\/wordpress\/wp-json\/wp\/v2\/media?parent=39"}],"curies":[{"name":"wp","href":"https:\/\/api.w.org\/{rel}","templated":true}]}}