{"id":224,"date":"2017-05-21T23:23:53","date_gmt":"2017-05-21T21:23:53","guid":{"rendered":"http:\/\/solaonh.no\/?page_id=224"},"modified":"2024-04-23T09:50:51","modified_gmt":"2024-04-23T07:50:51","slug":"oreskylling","status":"publish","type":"page","link":"https:\/\/solaonh.no\/wordpress\/oreskylling\/","title":{"rendered":"\u00d8reskylling"},"content":{"rendered":"<div id=\"pl-224\"  class=\"panel-layout\" ><div id=\"pg-224-0\"  class=\"panel-grid panel-no-style\" ><div id=\"pgc-224-0-0\"  class=\"panel-grid-cell\" ><div id=\"panel-224-0-0-0\" class=\"so-panel widget widget_sow-editor panel-first-child panel-last-child\" data-index=\"0\" ><div\n\t\t\t\n\t\t\tclass=\"so-widget-sow-editor so-widget-sow-editor-base\"\n\t\t\t\n\t\t>\n<div class=\"siteorigin-widget-tinymce textwidget\">\n\t<p><strong>Sola \u00d8NH klinikk v\/dr.Siren M.H\u00e6geland<br \/>\n<\/strong>Spes.\u00f8re-nese-halssykd.<br \/>\nSolakrossen 15, 4050 SOLA<br \/>\nTlf. 51651800<br \/>\n<a href=\"http:\/\/WWW.solaonh.no\">www.solaonh.no<\/a><\/p>\n<p><strong>\u00d8RESKYLLING \u2013 ved sekresjon fra \u00f8ret<\/strong><\/p>\n<p>Ved sekresjon fra \u00f8rer (for eksempel renning fra dren, \u00f8rebetennelse med perforert trommehinne, renning fra \u00f8regangseksem) kan det v\u00e6re aktuelt med skylling av \u00f8regangen. Legen foresl\u00e5r fortrinnsvis saltvannskylling. Fra gammelt av heter det at eddik forsurer milj\u00f8et for bakterier, men et er ikke s\u00e5 godt dokumentert. Det viktigste er \u00e5 f\u00e5 \u201cgraps\u201d i \u00f8regangen bort.<\/p>\n<p>A: SALTVANNSSKYLLING: 1 barneskje salt (10-15g) pr liter vann<\/p>\n<p>B: EDDIKSSKYLLING: 1 del eddik (5-7%) + 3-4 deler vann<\/p>\n<p><strong>20ml SPR\u00d8YTE kj\u00f8pes p\u00e5 apoteket. (En kan og kj\u00f8pe ferdig bladet saltvann p\u00e5 liters flaske p\u00e5 apoteket.)<\/strong><\/p>\n<p><strong>Felles for begge fremgangsm\u00e5ter:<\/strong><\/p>\n<p>Ferdig blanding er holdbar i noen dager i kj\u00f8leskap. F\u00f8r bruk lunkes en passende mengde (en kaffekopp) til 37 grader i varmt vannbad.<\/p>\n<p>Fyll spr\u00f8yten, trekk \u00f8ret utover og bakover, sett tuppen av spr\u00f8yten mot \u00f8re\u00e5pningen og med godt jevnt trykk spyles \u00f8regangen. Gjentas flere ganger til skyllevannet blir rent. Her kan det bli litt s\u00f8l, s\u00e5 v\u00e6r gjerne to stykker, st\u00e5 over vasken, h\u00e5ndkle p\u00e5 skulder osv.<\/p>\n<p>Hvis du etter skylling skal bruke \u00f8redr\u00e5per du har f\u00e5tt p\u00e5 resept, m\u00e5 \u00f8ret n\u00e5 f\u00f8rst f\u00e5 t\u00f8rke\/luftt\u00f8rke i ca. 10 minutter f\u00f8r pasienten legger seg ned p\u00e5 siden og \u00f8ret fylles nesten til topps med \u00f8redr\u00e5pene. Det er lurt \u00e5 ligge med \u00f8ret opp noen minutter etter drypping.<\/p>\n<p>LYKKE TIL!<\/p>\n<p><strong>\u00d8RESKYLLING \u2013for \u00e5 fjerne \u00f8revoks<\/strong><\/p>\n<p>Har du h\u00f8reapparater er det viktig \u00e5 holde \u00f8regangen fri for voks. Drypp \u00f8ret med olje eller noe som l\u00f8ser opp \u00f8revoksen, f.eks. Revax\u00f8r, i et par kvelder. Skyll s\u00e5 \u00f8ret enten ved fastlegekontoret, eller f\u00f8lg oppskriften over.<\/p>\n<p>Du kan kj\u00f8pe olje p\u00e5 apoteket p\u00e5 en sprayflaske, men kan like gjerne bruke husholdningsolje om du klarer \u00e5 dryppe inn noen dr\u00e5per.<\/p>\n<\/div>\n<\/div><\/div><\/div><\/div><div id=\"pg-224-1\"  class=\"panel-grid panel-no-style\" ><div id=\"pgc-224-1-0\"  class=\"panel-grid-cell\" ><div id=\"panel-224-1-0-0\" class=\"so-panel widget widget_sow-button panel-first-child panel-last-child\" data-index=\"1\" ><div\n\t\t\t\n\t\t\tclass=\"so-widget-sow-button so-widget-sow-button-atom-03b44f75957c-224\"\n\t\t\t\n\t\t><div class=\"ow-button-base ow-button-align-center\"\n>\n\t\t\t<a\n\t\t\t\t\thref=\"https:\/\/solaonh.no\/wordpress\/horselsmalinger-horeapparater\/\"\n\t\t\t\t\tclass=\"sowb-button ow-icon-placement-left ow-button-hover\" \t>\n\t\t<span>\n\t\t\t\n\t\t\tH\u00d8RSEL\t\t<\/span>\n\t\t\t<\/a>\n\t<\/div>\n<\/div><\/div><\/div><div id=\"pgc-224-1-1\"  class=\"panel-grid-cell\" ><div id=\"panel-224-1-1-0\" class=\"so-panel widget widget_sow-button panel-first-child panel-last-child\" data-index=\"2\" ><div\n\t\t\t\n\t\t\tclass=\"so-widget-sow-button so-widget-sow-button-atom-0b6e32c0c449-224\"\n\t\t\t\n\t\t><div class=\"ow-button-base ow-button-align-center\"\n>\n\t\t\t<a\n\t\t\t\t\thref=\"https:\/\/solaonh.no\/wordpress\"\n\t\t\t\t\tclass=\"sowb-button ow-icon-placement-bottom ow-button-hover\" \t>\n\t\t<span>\n\t\t\t\n\t\t\tTILBAKE TIL FORSIDEN\t\t<\/span>\n\t\t\t<\/a>\n\t<\/div>\n<\/div><\/div><\/div><\/div><\/div>","protected":false},"excerpt":{"rendered":"<p>Sola \u00d8NH klinikk v\/dr.Siren M.H\u00e6geland Spes.\u00f8re-nese-halssykd. Solakrossen 15, 4050 SOLA Tlf. 51651800 www.solaonh.no \u00d8RESKYLLING \u2013 ved sekresjon fra \u00f8ret Ved sekresjon fra \u00f8rer (for eksempel renning fra dren, \u00f8rebetennelse med perforert trommehinne, renning fra \u00f8regangseksem) kan det v\u00e6re aktuelt med skylling av \u00f8regangen. Legen foresl\u00e5r fortrinnsvis saltvannskylling. Fra gammelt av heter det at eddik forsurer&hellip;&nbsp;<a href=\"https:\/\/solaonh.no\/wordpress\/oreskylling\/\" rel=\"bookmark\">Les mer &raquo;<span class=\"screen-reader-text\">\u00d8reskylling<\/span><\/a><\/p>\n","protected":false},"author":1,"featured_media":0,"parent":0,"menu_order":0,"comment_status":"closed","ping_status":"closed","template":"","meta":{"neve_meta_sidebar":"","neve_meta_container":"","neve_meta_enable_content_width":"off","neve_meta_content_width":100,"neve_meta_title_alignment":"","neve_meta_author_avatar":"","neve_post_elements_order":"","neve_meta_disable_header":"","neve_meta_disable_footer":"","neve_meta_disable_title":"","_themeisle_gutenberg_block_has_review":false,"footnotes":""},"class_list":["post-224","page","type-page","status-publish","hentry"],"_links":{"self":[{"href":"https:\/\/solaonh.no\/wordpress\/wp-json\/wp\/v2\/pages\/224","targetHints":{"allow":["GET"]}}],"collection":[{"href":"https:\/\/solaonh.no\/wordpress\/wp-json\/wp\/v2\/pages"}],"about":[{"href":"https:\/\/solaonh.no\/wordpress\/wp-json\/wp\/v2\/types\/page"}],"author":[{"embeddable":true,"href":"https:\/\/solaonh.no\/wordpress\/wp-json\/wp\/v2\/users\/1"}],"replies":[{"embeddable":true,"href":"https:\/\/solaonh.no\/wordpress\/wp-json\/wp\/v2\/comments?post=224"}],"version-history":[{"count":13,"href":"https:\/\/solaonh.no\/wordpress\/wp-json\/wp\/v2\/pages\/224\/revisions"}],"predecessor-version":[{"id":1138,"href":"https:\/\/solaonh.no\/wordpress\/wp-json\/wp\/v2\/pages\/224\/revisions\/1138"}],"wp:attachment":[{"href":"https:\/\/solaonh.no\/wordpress\/wp-json\/wp\/v2\/media?parent=224"}],"curies":[{"name":"wp","href":"https:\/\/api.w.org\/{rel}","templated":true}]}}