{"id":22,"date":"2015-06-04T20:24:21","date_gmt":"2015-06-04T20:24:21","guid":{"rendered":"http:\/\/solaonh.no\/wordpress\/?page_id=22"},"modified":"2015-06-04T23:10:24","modified_gmt":"2015-06-04T21:10:24","slug":"dren-i-orene","status":"publish","type":"page","link":"https:\/\/solaonh.no\/wordpress\/dren-i-orene\/","title":{"rendered":"Dren i \u00f8rene"},"content":{"rendered":"<h2>Sekretorisk otitt (Mellom\u00f8rekatarr)<\/h2>\n<p>Mellom\u00f8ret (luftfylt rom innenfor trommehinnen) fylles normalt mange ganger pr. dag med luft fra nese-svelgrommet via \u00f8retrompeten, vi utligner trykkforskjeller. Slutter dette \u00e5 fungere ved f.eks. forkj\u00f8lelse, allergianfall, nesepolypper, forst\u00f8rret falsk mandel, umoden\/ikke ferdig utviklet luftekanal etc., vil vi f\u00f8rst f\u00e5 et undertrykk (\u201dflydott\u201d) som kan g\u00e5 over til et vakuum som suger slim ut av mellom\u00f8rets slimhinner.<\/p>\n<p>Resultatet blir en opphopning av mer eller mindre seig, nesten silikonaktig v\u00e6ske. Denne seige v\u00e6sken fyller mellom\u00f8ret og blir innestengt og hviler mot trommehinnen. Denne hovner derfor opp, blir \u201dlimt fast\u201d og dermed tregt bevegelig. N\u00e5r legen \u201dm\u00e5ler trykket\u201d (tympanometri) med instrumenter f\u00e5r vi en flat kurve. Barnet har dottf\u00f8lelse, blir utilpass, tar seg til \u00f8rene, h\u00f8rer d\u00e5rlig, og spr\u00e5kutviklingen kan stagnere. Det kan v\u00e6re trykksmerter, mest om nettene i liggende stilling. Slimet i mellom\u00f8ret kan v\u00e6re grobunn for bakterier og virus, med hyppige infeksjoner\/\u00f8rebetennelser til f\u00f8lge. Det kan hjelpe \u00e5 heve hodeenden i sengen, gi avsvellende nesespray (Rhinox, Otrivin for barn).<\/p>\n<h2>Ventilasjonsr\u00f8r i trommehinnen<\/h2>\n<p>Dersom tilstanden vedvarer utover noen uker, kan det bli aktuelt med henvisning til \u00f8re-nese-halsspesialist som kan henvise videre til \u00d8NH-avd. ved Stavanger Universitetssykehus for en poliklinsk drenoperasjon i en kortvarig narkose. Man f\u00e5r da tilsendt hjem et innkallingsskriv fra \u00d8NH-avd. med sted, dato og klokkeslett, sammen med et lite informasjonsskriv og en resept p\u00e5 EMLA bed\u00f8velsesplaster. Dette skal innkj\u00f8pes til bruk p\u00e5 operasjonsdagen. Dette d\u00f8yver lokal stikksmerte n\u00e5r barnet sannsynligvis skal ha innlagt intraven\u00f8s kanyle.<\/p>\n<h3>Forberedelser<\/h3>\n<p>Operasjonsdagen skal barnet faste slik beskrevet i innkallingen, plaster skal p\u00e5 og s\u00e5 m\u00f8ter man opp ved \u00d8NH poliklinikk, SUS, inngang 5 (p\u00e5 oversiden av sykehuset, mot Armauer Hansens vei\/V\u00e5landspib\u00e5). Pass p\u00e5 at barnet ikke spiser, drikker, spiser pastiller eller tygger tyggegummi f\u00f8r operasjonen. M\u00f8t opp i tide, og v\u00e6r forberedt p\u00e5 \u00e5 m\u00f8te mange andre nerv\u00f8se foreldre med sine h\u00e5pefulle! P\u00e5 enkelte dager kan opptil 8-10 barn behandles! Ta med lesestoff, leker, t\u00e5lmodighet og godt hum\u00f8r!<\/p>\n<p>Du blir ropt opp, og etter en rask sjekk hos legen blir dere fulgt til operasjonsstuen. Mor eller far f\u00e5r v\u00e6re med inn og holde barnet inntil narkosen blir gitt og barnet sover. Det dreier seg om et sv\u00e6rt kortvarig og helt ukomplisert inngrep som er over p\u00e5 ganske f\u00e5 minutter.<\/p>\n<h3>Operasjonen<\/h3>\n<p>Legen opererer gjennom et operasjonsmikroskop og en \u00f8retrakt, og legger et fint, lite snitt i trommehinnen. Da velter det ut innestengt seig v\u00e6ske, og denne suges helt ut. Avslutningsvis tres et lite plastr\u00f8r \/ ventilasjonsr\u00f8r \/\u201ddren\u201d p\u00e5 plass i den lille \u00e5pningen. Dette er en liten r\u00f8rstump med en flens p\u00e5 hver side som skal fungere som en lufteventil i m\u00e5nedene som kommer. Elastisiteten i trommehinnen gj\u00f8r at r\u00f8ret festes i trommehinnen av seg selv, med den ene flensen utenfor og den andre innenfor trommehinnen. R\u00f8ret fester seg raskt, og \u00e5pningen innvendig i r\u00f8ret sikrer lufttilf\u00f8rsel utenfra. Samtidig forhindrer r\u00f8ret\/drenet at trommehinnen f\u00e5r lukket seg igjen.<br \/>\nBarnet har n\u00e5 f\u00e5tt tilbake sin naturlige h\u00f8rsel! R\u00f8ret\/drenet merkes ikke av barnet, og innvirker ikke p\u00e5 h\u00f8rselen.<\/p>\n<p>Oppv\u00e5kningen skjer gradvis med mor\/far tilstede sammen med kyndig personell. Det kan v\u00e6re litt uro og kanskje kvalme under oppv\u00e5kningen, men en time eller to etter inngrepet er du p\u00e5 vei hjemover igjen! Mange forundres over bedret h\u00f8rsel hos barnet umiddelbart (\u201ddet br\u00e5ker s\u00e5nn i bilen idag\u201d&#8230;.). Barnet skal ta det med ro resten av dagen.<\/p>\n<h3>N\u00f8dvendige kontroller i behandlingsperioden:<\/h3>\n<p>Drenet \/ r\u00f8ret fungerer n\u00e5 som en lufteventil \u201dut i det fri\u201d, og hensikten er \u00e5 slippe luft inn i mellom\u00f8ret for \u00e5 t\u00f8rke dette ut kontinuerlig, dag etter dag.<br \/>\nVanligvis sitter drenet p\u00e5 plass i 12-18 m\u00e5neder f\u00f8r trommehinnen selv finner p\u00e5 \u00e5 st\u00f8te dette ut i \u00f8regangen. Dette skjer av seg selv, ved en m\u00f8ysommelig utst\u00f8tningsprosess, hvor drenet umerkelig\u201dvokser\u201d ut av trommehinnen samtidig med at hullet gror igjen bakom drenet. Legen vil s\u00e5 ved neste kontroll finne r\u00f8ret beliggende l\u00f8st i \u00f8revoks, langt ute i \u00f8regangen. Behandlingen er da ferdig, og forh\u00e5pentlig vil det ikke danne seg ny mellom\u00f8re-v\u00e6ske igjen.<\/p>\n<p><strong>S\u00e5 lenge drenet er p\u00e5 plass i trommehinnen, skal det kontrolleres hos oss!<\/strong><br \/>\n<strong>Vennligst kontakt oss n\u00e5r du har f\u00e5tt tildelt operasjonsdato, slik at vi kan avtale f\u00f8rste kontroll etter 6 uker, og deretter avtaler vi \u2013 fra gang til gang- nye kontroller hver 5.-6 m\u00e5ned.\u00a0<\/strong><br \/>\n<strong>Det er viktig at dette blir opprettholdt!! Vennligst ring oss om du er i tvil!<\/strong><\/p>\n<h3>Hva kan g\u00e5 galt?<\/h3>\n<p>Luftedrenet\/-r\u00f8ret kan ta inn vann dersom barnet legger hodet under vannet, f.eks. i s\u00e5pevann i badekar eller i sv\u00f8mmebasseng, s\u00e6rlig i syden. Dette kan f\u00f8re til \u00f8resmerter og renning\/ sekresjon fra \u00f8ret etterp\u00e5. Det kan v\u00e6re lurt \u00e5 holde hodet over vannet, evt. beskytte med silikon\u00f8repropper eller gummi \u00f8replugger, evt. ogs\u00e5 EarBandit \u2013 et panneb\u00e5nd i elastisk neopren (v\u00e5tdrakt-stoff). Alt dette f\u00e5es kj\u00f8pt p\u00e5 apoteket. Dersom klorvann eller s\u00e5pevann kommer inn i melom\u00f8ret kan det svi, og evt. ende med renning\/utflod fra \u00f8ret. Vanlig dusjing og h\u00e5rvask g\u00e5r som regel greit uten beskyttelse, bare ikke spyl i \u00f8rene. Saltvannsbading i syden og om sommeren g\u00e5r ogs\u00e5 greit hvis man holder hodet over vannet.<\/p>\n<h3>Utflod \/ renning fra \u00f8ret skal behandles!<\/h3>\n<p>Det enkleste er at foreldrene starter med \u00e5 skylle pusset forsiktig ut av \u00f8regangen p\u00e5 f\u00f8lgende m\u00e5te:<\/p>\n<p>P\u00e5 apoteket kj\u00f8pes en 20 milliliters engangsspr\u00f8yte.<\/p>\n<p>Kok opp 1 kopp vann, tilsett 1\/2 teskje vanlig bordsalt, evt. ogs\u00e5 en spiseskje eddik 5-7% eddik, og avkj\u00f8l til 37 grader (bruk gjerne et stellebordstermometer!) og skyll \u00f8ret forsiktig et par-tre ganger til pusset er kommet ut.<\/p>\n<p>Kontakt deretter oss eller din lege og be om CILOX, SOFRADEX eller TERRA-CORTRIL- PolymyxinB \u00f8redr\u00e5per. La barnet ligge p\u00e5 siden, trekk \u00f8ret utover og bakover og fyll \u00f8regangen godt opp med \u00f8redr\u00e5pene. Vent helst 5-10 min. f\u00f8r barnet reiser seg opp. Gjentas 2-3 g. daglig.<\/p>\n<p>Hvis fortsatt utflod\/betennelse, m\u00e5 man evt. gi en antibiotikakur.<\/p>\n<p><a href=\"https:\/\/solaonh.no\/wordpress\/wp-content\/uploads\/2015\/06\/siren.jpg\"><img loading=\"lazy\" decoding=\"async\" class=\" size-full wp-image-7 alignright\" src=\"https:\/\/solaonh.no\/wordpress\/wp-content\/uploads\/2015\/06\/siren.jpg\" alt=\"siren\" width=\"189\" height=\"203\" \/><\/a><\/p>\n","protected":false},"excerpt":{"rendered":"<p>Sekretorisk otitt (Mellom\u00f8rekatarr) Mellom\u00f8ret (luftfylt rom innenfor trommehinnen) fylles normalt mange ganger pr. dag med luft fra nese-svelgrommet via \u00f8retrompeten, vi utligner trykkforskjeller. Slutter dette \u00e5 fungere ved f.eks. forkj\u00f8lelse, allergianfall, nesepolypper, forst\u00f8rret falsk mandel, umoden\/ikke ferdig utviklet luftekanal etc., vil vi f\u00f8rst f\u00e5 et undertrykk (\u201dflydott\u201d) som kan g\u00e5 over til et vakuum som&hellip;&nbsp;<a href=\"https:\/\/solaonh.no\/wordpress\/dren-i-orene\/\" rel=\"bookmark\">Les mer &raquo;<span class=\"screen-reader-text\">Dren i \u00f8rene<\/span><\/a><\/p>\n","protected":false},"author":1,"featured_media":0,"parent":0,"menu_order":0,"comment_status":"closed","ping_status":"closed","template":"","meta":{"neve_meta_sidebar":"","neve_meta_container":"","neve_meta_enable_content_width":"","neve_meta_content_width":0,"neve_meta_title_alignment":"","neve_meta_author_avatar":"","neve_post_elements_order":"","neve_meta_disable_header":"","neve_meta_disable_footer":"","neve_meta_disable_title":"","_themeisle_gutenberg_block_has_review":false,"footnotes":""},"class_list":["post-22","page","type-page","status-publish","hentry"],"_links":{"self":[{"href":"https:\/\/solaonh.no\/wordpress\/wp-json\/wp\/v2\/pages\/22","targetHints":{"allow":["GET"]}}],"collection":[{"href":"https:\/\/solaonh.no\/wordpress\/wp-json\/wp\/v2\/pages"}],"about":[{"href":"https:\/\/solaonh.no\/wordpress\/wp-json\/wp\/v2\/types\/page"}],"author":[{"embeddable":true,"href":"https:\/\/solaonh.no\/wordpress\/wp-json\/wp\/v2\/users\/1"}],"replies":[{"embeddable":true,"href":"https:\/\/solaonh.no\/wordpress\/wp-json\/wp\/v2\/comments?post=22"}],"version-history":[{"count":2,"href":"https:\/\/solaonh.no\/wordpress\/wp-json\/wp\/v2\/pages\/22\/revisions"}],"predecessor-version":[{"id":1136,"href":"https:\/\/solaonh.no\/wordpress\/wp-json\/wp\/v2\/pages\/22\/revisions\/1136"}],"wp:attachment":[{"href":"https:\/\/solaonh.no\/wordpress\/wp-json\/wp\/v2\/media?parent=22"}],"curies":[{"name":"wp","href":"https:\/\/api.w.org\/{rel}","templated":true}]}}