{"id":160,"date":"2017-01-24T22:15:35","date_gmt":"2017-01-24T21:15:35","guid":{"rendered":"http:\/\/solaonh.no\/?page_id=160"},"modified":"2025-10-12T13:03:24","modified_gmt":"2025-10-12T11:03:24","slug":"innkalling-justering","status":"publish","type":"page","link":"https:\/\/solaonh.no\/wordpress\/innkalling-justering\/","title":{"rendered":"Innkalling til justering av h\u00f8reapparat"},"content":{"rendered":"\n<p><strong>Sola \u00d8NH klinikk<br><\/strong>Solakrossen 15-17<br>4050 Sola<br>Telefon: 51 65 18 00<br>www.solaonh.no<\/p>\n\n\n\n<p><strong>JUSTERING AV H\u00d8REAPPARAT<\/strong><\/p>\n\n\n\n<p>Du har f\u00e5tt time til en justering\/kontroll av ditt h\u00f8reapparat hos audiograf.<\/p>\n\n\n\n<p>I forkant av timen er det fint om du sjekker om du har \u00f8revoks i \u00f8regangen. Har du \u00f8revoks, ber vi deg pr\u00f8ve \u00e5 f\u00e5 dette spylt ut f\u00f8r du kommer, enten ved fastlegekontoret, eller at du gj\u00f8r det selv hjemme. P\u00e5 apoteket kan du kj\u00f8pe Vaxol eller Revax\u00f8r som skal l\u00f8se opp voks f\u00f8r du eventuelt skyller.<\/p>\n\n\n\n<p>Om timen ikke passer, vennligst ta kontakt p\u00e5 telefon 51651800 eller mail til time@solaonh.no<\/p>\n\n\n\n<p>M\u00f8ter du ikke til timen eller endrer den mindre enn en arbeidsdag f\u00f8r avtalt tid, f\u00e5r du tilsendt faktura p\u00e5 456,-+ faktureringsgebyr.<\/p>\n\n\n\n<p>Vi holder til i 2.etasje i det store COOP MEGA bygget, midt i Solakrossen. Grei parkering p\u00e5 plassen eller i gratis parkeringshus. Heis eller trapp til 2.etasje. Bes\u00f8ksadressen er Solakrossen 15-17. Se grundig informasjon p\u00e5 hjemmesiden v\u00e5r: www.solaonh.no<\/p>\n\n\n\n<p>Av hygieniske \u00e5rsaker ber vi om at du kommer i sivilt t\u00f8y, eller rent arbeidst\u00f8y.<\/p>\n\n\n\n<p>Vel m\u00f8tt!<\/p>\n\n\n\n<p>Med vennlig hilsen<br><strong style=\"font-style: inherit;\">Siren M. H\u00e6geland<\/strong><br>\u00d8re Nese Hals spesialist<br>Sola \u00d8NH Klinikk<\/p>\n","protected":false},"excerpt":{"rendered":"<p>Sola \u00d8NH klinikkSolakrossen 15-174050 SolaTelefon: 51 65 18 00www.solaonh.no JUSTERING AV H\u00d8REAPPARAT Du har f\u00e5tt time til en justering\/kontroll av ditt h\u00f8reapparat hos audiograf. I forkant av timen er det fint om du sjekker om du har \u00f8revoks i \u00f8regangen. Har du \u00f8revoks, ber vi deg pr\u00f8ve \u00e5 f\u00e5 dette spylt ut f\u00f8r du kommer,&hellip;&nbsp;<a href=\"https:\/\/solaonh.no\/wordpress\/innkalling-justering\/\" rel=\"bookmark\">Les mer &raquo;<span class=\"screen-reader-text\">Innkalling til justering av h\u00f8reapparat<\/span><\/a><\/p>\n","protected":false},"author":1,"featured_media":0,"parent":0,"menu_order":0,"comment_status":"closed","ping_status":"closed","template":"","meta":{"neve_meta_sidebar":"","neve_meta_container":"","neve_meta_enable_content_width":"","neve_meta_content_width":0,"neve_meta_title_alignment":"","neve_meta_author_avatar":"","neve_post_elements_order":"","neve_meta_disable_header":"","neve_meta_disable_footer":"","neve_meta_disable_title":"","_themeisle_gutenberg_block_has_review":false,"footnotes":""},"class_list":["post-160","page","type-page","status-publish","hentry"],"_links":{"self":[{"href":"https:\/\/solaonh.no\/wordpress\/wp-json\/wp\/v2\/pages\/160","targetHints":{"allow":["GET"]}}],"collection":[{"href":"https:\/\/solaonh.no\/wordpress\/wp-json\/wp\/v2\/pages"}],"about":[{"href":"https:\/\/solaonh.no\/wordpress\/wp-json\/wp\/v2\/types\/page"}],"author":[{"embeddable":true,"href":"https:\/\/solaonh.no\/wordpress\/wp-json\/wp\/v2\/users\/1"}],"replies":[{"embeddable":true,"href":"https:\/\/solaonh.no\/wordpress\/wp-json\/wp\/v2\/comments?post=160"}],"version-history":[{"count":23,"href":"https:\/\/solaonh.no\/wordpress\/wp-json\/wp\/v2\/pages\/160\/revisions"}],"predecessor-version":[{"id":1239,"href":"https:\/\/solaonh.no\/wordpress\/wp-json\/wp\/v2\/pages\/160\/revisions\/1239"}],"wp:attachment":[{"href":"https:\/\/solaonh.no\/wordpress\/wp-json\/wp\/v2\/media?parent=160"}],"curies":[{"name":"wp","href":"https:\/\/api.w.org\/{rel}","templated":true}]}}