{"id":143,"date":"2017-01-23T23:13:35","date_gmt":"2017-01-23T22:13:35","guid":{"rendered":"http:\/\/solaonh.no\/?page_id=143"},"modified":"2021-02-16T23:24:49","modified_gmt":"2021-02-16T22:24:49","slug":"snorking","status":"publish","type":"page","link":"https:\/\/solaonh.no\/wordpress\/snorking\/","title":{"rendered":"Snorking"},"content":{"rendered":"\n<p>Snorking kan v\u00e6re bare lyd, eller det kan v\u00e6re symptom p\u00e5 sykdom. Vi utreder snorking s\u00e6rlig med tanke p\u00e5 \u00e5 avdekke s\u00f8vnapn\u00e9.<\/p>\n\n\n\n<p>De fleste som henvises til oss p\u00e5 grunn av snorking settes opp til en s\u00f8vnregistrering. I etterkant av denne settes pasienten opp til grundig klinisk unders\u00f8kelse. Denne ses i sammenheng&nbsp;med resultat fra s\u00f8vnregistreringen for \u00e5 vurdere hvilken behandling som er aktuell.<\/p>\n\n\n\n<p><a href=\"https:\/\/helsenorge.no\/sykdom\/sovnproblemer\/sovnapne\" target=\"_blank\" rel=\"noopener noreferrer\">Les mer om s\u00f8vnapn\u00e9 p\u00e5 helsenorge.no<\/a><\/p>\n\n\n\n<div class=\"wp-block-columns is-layout-flex wp-container-core-columns-is-layout-9d6595d7 wp-block-columns-is-layout-flex\">\n<div class=\"wp-block-column is-layout-flow wp-block-column-is-layout-flow\"><div\n\t\t\t\n\t\t\tclass=\"so-widget-sow-button so-widget-sow-button-atom-f833dc9ea04e\"\n\t\t\t\n\t\t><div class=\"ow-button-base ow-button-align-center\"\n>\n\t\t\t<a\n\t\t\t\t\thref=\"https:\/\/solaonh.no\/wordpress\/behandling-2\/\"\n\t\t\t\t\tclass=\"sowb-button ow-icon-placement-bottom ow-button-hover\" \t>\n\t\t<span>\n\t\t\t\n\t\t\tBEHANDLING\t\t<\/span>\n\t\t\t<\/a>\n\t<\/div>\n<\/div><\/div>\n\n\n\n<div class=\"wp-block-column is-layout-flow wp-block-column-is-layout-flow\"><div\n\t\t\t\n\t\t\tclass=\"so-widget-sow-button so-widget-sow-button-atom-cd9d550adee7\"\n\t\t\t\n\t\t><div class=\"ow-button-base ow-button-align-center\"\n>\n\t\t\t<a\n\t\t\t\t\thref=\"https:\/\/solaonh.no\/wordpress\/\"\n\t\t\t\t\tclass=\"sowb-button ow-icon-placement-left ow-button-hover\" \t>\n\t\t<span>\n\t\t\t\n\t\t\tTILBAKE TIL FORSIDEN\t\t<\/span>\n\t\t\t<\/a>\n\t<\/div>\n<\/div><\/div>\n<\/div>\n","protected":false},"excerpt":{"rendered":"<p>Snorking kan v\u00e6re bare lyd, eller det kan v\u00e6re symptom p\u00e5 sykdom. Vi utreder snorking s\u00e6rlig med tanke p\u00e5 \u00e5 avdekke s\u00f8vnapn\u00e9. De fleste som henvises til oss p\u00e5 grunn av snorking settes opp til en s\u00f8vnregistrering. I etterkant av denne settes pasienten opp til grundig klinisk unders\u00f8kelse. Denne ses i sammenheng&nbsp;med resultat fra s\u00f8vnregistreringen&hellip;&nbsp;<a href=\"https:\/\/solaonh.no\/wordpress\/snorking\/\" rel=\"bookmark\">Les mer &raquo;<span class=\"screen-reader-text\">Snorking<\/span><\/a><\/p>\n","protected":false},"author":1,"featured_media":0,"parent":0,"menu_order":0,"comment_status":"closed","ping_status":"closed","template":"","meta":{"neve_meta_sidebar":"","neve_meta_container":"","neve_meta_enable_content_width":"","neve_meta_content_width":0,"neve_meta_title_alignment":"","neve_meta_author_avatar":"","neve_post_elements_order":"","neve_meta_disable_header":"","neve_meta_disable_footer":"","neve_meta_disable_title":"","_themeisle_gutenberg_block_has_review":false,"footnotes":""},"class_list":["post-143","page","type-page","status-publish","hentry"],"_links":{"self":[{"href":"https:\/\/solaonh.no\/wordpress\/wp-json\/wp\/v2\/pages\/143","targetHints":{"allow":["GET"]}}],"collection":[{"href":"https:\/\/solaonh.no\/wordpress\/wp-json\/wp\/v2\/pages"}],"about":[{"href":"https:\/\/solaonh.no\/wordpress\/wp-json\/wp\/v2\/types\/page"}],"author":[{"embeddable":true,"href":"https:\/\/solaonh.no\/wordpress\/wp-json\/wp\/v2\/users\/1"}],"replies":[{"embeddable":true,"href":"https:\/\/solaonh.no\/wordpress\/wp-json\/wp\/v2\/comments?post=143"}],"version-history":[{"count":10,"href":"https:\/\/solaonh.no\/wordpress\/wp-json\/wp\/v2\/pages\/143\/revisions"}],"predecessor-version":[{"id":751,"href":"https:\/\/solaonh.no\/wordpress\/wp-json\/wp\/v2\/pages\/143\/revisions\/751"}],"wp:attachment":[{"href":"https:\/\/solaonh.no\/wordpress\/wp-json\/wp\/v2\/media?parent=143"}],"curies":[{"name":"wp","href":"https:\/\/api.w.org\/{rel}","templated":true}]}}