{"id":12,"date":"2015-06-04T20:12:49","date_gmt":"2015-06-04T20:12:49","guid":{"rendered":"http:\/\/solaonh.no\/wordpress\/?page_id=12"},"modified":"2025-10-12T12:56:57","modified_gmt":"2025-10-12T10:56:57","slug":"time","status":"publish","type":"page","link":"https:\/\/solaonh.no\/wordpress\/time\/","title":{"rendered":"Time"},"content":{"rendered":"<div id=\"pl-12\"  class=\"panel-layout\" ><div id=\"pg-12-0\"  class=\"panel-grid panel-no-style\" ><div id=\"pgc-12-0-0\"  class=\"panel-grid-cell\" ><div id=\"panel-12-0-0-0\" class=\"so-panel widget widget_sow-editor panel-first-child panel-last-child\" data-index=\"0\" ><div\n\t\t\t\n\t\t\tclass=\"so-widget-sow-editor so-widget-sow-editor-base\"\n\t\t\t\n\t\t>\n<div class=\"siteorigin-widget-tinymce textwidget\">\n\t<p>Du m\u00e5 v\u00e6re henvist fra egen lege\/fastlege for \u00e5 f\u00e5 time hos oss! Legen din sender en henvisning til oss med relevante opplysninger. Ut fra disse opplysninger vurderer vi hastegrad, tidsbehov og setter opp avtale hos \u00d8NH legen. Er du henvist til utredning som krever h\u00f8rselstest, inneb\u00e6rer det time b\u00e5de hos audiograf(h\u00f8rselsm\u00e5ler) og lege.<\/p>\n<p>Du f\u00e5r\u00a0SMS'er med dato, klokkeslett og link til innkallingsbrev fra oss n\u00e5r du er satt opp til time. Det er lurt at du sjekker at legen din har riktig adresse og telefonnummer til deg i sin journal.<\/p>\n<p>Er du over 75 \u00e5r f\u00e5r du innkalling pr brev.<\/p>\n<p>Skulle timen ikke passe for deg, b\u00f8r du kontakte oss snarest : \u00a0<a href=\"https:\/\/solaonh.no\/wordpress\/kontaktinformasjon\/\">KONTAKTINFORMASJON<\/a><\/p>\n<p>Vi har stor p\u00e5gang og pr\u00f8ver derfor \u00e5 utnytte all kapasitet. <strong>M\u00f8ter du ikke til timen eller endrer den mindre enn en arbeidsdag f\u00f8r avtalt tid, f\u00e5r du tilsendt faktura p\u00e5 456,- + faktureringsgebyr. <\/strong><\/p>\n<\/div>\n<\/div><\/div><\/div><\/div><div id=\"pg-12-1\"  class=\"panel-grid panel-no-style\" ><div id=\"pgc-12-1-0\"  class=\"panel-grid-cell\" ><div id=\"panel-12-1-0-0\" class=\"so-panel widget widget_sow-button panel-first-child panel-last-child\" data-index=\"1\" ><div\n\t\t\t\n\t\t\tclass=\"so-widget-sow-button so-widget-sow-button-atom-0b6e32c0c449-12\"\n\t\t\t\n\t\t><div class=\"ow-button-base ow-button-align-center\"\n>\n\t\t\t<a\n\t\t\t\t\thref=\"https:\/\/solaonh.no\/wordpress\"\n\t\t\t\t\tclass=\"sowb-button ow-icon-placement-bottom ow-button-hover\" \t>\n\t\t<span>\n\t\t\t\n\t\t\tTILBAKE TIL FORSIDEN\t\t<\/span>\n\t\t\t<\/a>\n\t<\/div>\n<\/div><\/div><\/div><\/div><\/div>","protected":false},"excerpt":{"rendered":"<p>Du m\u00e5 v\u00e6re henvist fra egen lege\/fastlege for \u00e5 f\u00e5 time hos oss! Legen din sender en henvisning til oss med relevante opplysninger. Ut fra disse opplysninger vurderer vi hastegrad, tidsbehov og setter opp avtale hos \u00d8NH legen. Er du henvist til utredning som krever h\u00f8rselstest, inneb\u00e6rer det time b\u00e5de hos audiograf(h\u00f8rselsm\u00e5ler) og lege. Du&hellip;&nbsp;<a href=\"https:\/\/solaonh.no\/wordpress\/time\/\" rel=\"bookmark\">Les mer &raquo;<span class=\"screen-reader-text\">Time<\/span><\/a><\/p>\n","protected":false},"author":1,"featured_media":0,"parent":0,"menu_order":0,"comment_status":"closed","ping_status":"closed","template":"","meta":{"neve_meta_sidebar":"","neve_meta_container":"","neve_meta_enable_content_width":"off","neve_meta_content_width":100,"neve_meta_title_alignment":"","neve_meta_author_avatar":"","neve_post_elements_order":"","neve_meta_disable_header":"","neve_meta_disable_footer":"","neve_meta_disable_title":"","_themeisle_gutenberg_block_has_review":false,"footnotes":""},"class_list":["post-12","page","type-page","status-publish","hentry"],"_links":{"self":[{"href":"https:\/\/solaonh.no\/wordpress\/wp-json\/wp\/v2\/pages\/12","targetHints":{"allow":["GET"]}}],"collection":[{"href":"https:\/\/solaonh.no\/wordpress\/wp-json\/wp\/v2\/pages"}],"about":[{"href":"https:\/\/solaonh.no\/wordpress\/wp-json\/wp\/v2\/types\/page"}],"author":[{"embeddable":true,"href":"https:\/\/solaonh.no\/wordpress\/wp-json\/wp\/v2\/users\/1"}],"replies":[{"embeddable":true,"href":"https:\/\/solaonh.no\/wordpress\/wp-json\/wp\/v2\/comments?post=12"}],"version-history":[{"count":32,"href":"https:\/\/solaonh.no\/wordpress\/wp-json\/wp\/v2\/pages\/12\/revisions"}],"predecessor-version":[{"id":97,"href":"https:\/\/solaonh.no\/wordpress\/wp-json\/wp\/v2\/pages\/12\/revisions\/97"}],"wp:attachment":[{"href":"https:\/\/solaonh.no\/wordpress\/wp-json\/wp\/v2\/media?parent=12"}],"curies":[{"name":"wp","href":"https:\/\/api.w.org\/{rel}","templated":true}]}}