{"id":10,"date":"2015-06-04T20:12:17","date_gmt":"2015-06-04T20:12:17","guid":{"rendered":"http:\/\/solaonh.no\/wordpress\/?page_id=10"},"modified":"2025-10-12T12:57:47","modified_gmt":"2025-10-12T10:57:47","slug":"kontaktinformasjon","status":"publish","type":"page","link":"https:\/\/solaonh.no\/wordpress\/kontaktinformasjon\/","title":{"rendered":"Kontakt"},"content":{"rendered":"<div id=\"pl-10\"  class=\"panel-layout\" ><div id=\"pg-10-0\"  class=\"panel-grid panel-no-style\" ><div id=\"pgc-10-0-0\"  class=\"panel-grid-cell\" ><div id=\"panel-10-0-0-0\" class=\"so-panel widget widget_sow-editor panel-first-child panel-last-child\" data-index=\"0\" ><div\n\t\t\t\n\t\t\tclass=\"so-widget-sow-editor so-widget-sow-editor-base\"\n\t\t\t\n\t\t>\n<div class=\"siteorigin-widget-tinymce textwidget\">\n\t<p>Bes\u00f8ksadresse:\u00a0 Solakrossen 17, 4050 Sola (Vi har kontor i 2.etg over Coop Mega i Solakrossen)<\/p>\n<p>Postadresse: \u00a0 \u00a0 \u00a0 \u00a0Postboks 89, 4097 Sola<\/p>\n<p>Resepsjonen er \u00e5pen 8:15 -\u00a0 15:30, mandag til fredag.<\/p>\n<p>Telefonen er betjent fra 08:10 til 11:30. Ringer du etter lunsj, har vi for tiden ikke kapasitet til \u00e5 svare umiddelbart. \u00a0Mandag til torsdag ringer vi deg tilbake f\u00f8r arbeidsdagen er slutt. Ringer du fredag etter lunsj m\u00e5 du regne med \u00e5 bli kontaktet f\u00f8rst mandag. Du kan ogs\u00e5 legge igjen en beskjed p\u00e5 telefonsvareren om du \u00f8nsker.<\/p>\n<p><strong>Telefon: \u00a0 \u00a0 \u00a0 \u00a0 \u00a0 \u00a0 \u00a0 \u00a0 \u00a0 51 65 18 00<\/strong><\/p>\n<p>Om du er i behov for \u00e5 endre eller avbestille time kan du ogs\u00e5 sende e-post\u00a0til:\u00a0 <a href=\"mailto:time@solaonh.no\">time@solaonh.no<\/a>.<\/p>\n<p><strong>Vi kan ogs\u00e5 kontaktes p\u00e5 e-post for f\u00f8lgende problemstillinger<\/strong><\/p>\n<ul>\n<li>Bestilling av kontrolltime om du allerede er pasient hos oss<\/li>\n<li>Bestilling av justeringstime for h\u00f8reapparat om du har v\u00e6rt her med h\u00f8reapparatet f\u00f8r<\/li>\n<li>Hvis du har et barn med r\u00f8r i trommehinnen, som er plaget med renning. Husk \u00e5 gi beskjed om hvor lenge det har rent fra \u00f8ret<\/li>\n<li>Vi kan ikke kontaktes p\u00e5 e-post for mer komplisert medisinske sp\u00f8rsm\u00e5l, eller akutt sykdom.<\/li>\n<\/ul>\n<p><strong>Vi minner om at timer som endres mindre enn en arbeidsdag f\u00f8r avtalt tid, belastes med 456,- + fakturagebyr.\u00a0<\/strong><\/p>\n<\/div>\n<\/div><\/div><\/div><\/div><div id=\"pg-10-1\"  class=\"panel-grid panel-no-style\" ><div id=\"pgc-10-1-0\"  class=\"panel-grid-cell\" ><div id=\"panel-10-1-0-0\" class=\"so-panel widget widget_sow-button panel-first-child panel-last-child\" data-index=\"1\" ><div\n\t\t\t\n\t\t\tclass=\"so-widget-sow-button so-widget-sow-button-atom-0b6e32c0c449-10\"\n\t\t\t\n\t\t><div class=\"ow-button-base ow-button-align-center\"\n>\n\t\t\t<a\n\t\t\t\t\thref=\"https:\/\/solaonh.no\/wordpress\"\n\t\t\t\t\tclass=\"sowb-button ow-icon-placement-bottom ow-button-hover\" \t>\n\t\t<span>\n\t\t\t\n\t\t\tTILBAKE TIL FORSIDEN\t\t<\/span>\n\t\t\t<\/a>\n\t<\/div>\n<\/div><\/div><\/div><\/div><\/div>","protected":false},"excerpt":{"rendered":"<p>Bes\u00f8ksadresse:\u00a0 Solakrossen 17, 4050 Sola (Vi har kontor i 2.etg over Coop Mega i Solakrossen) Postadresse: \u00a0 \u00a0 \u00a0 \u00a0Postboks 89, 4097 Sola Resepsjonen er \u00e5pen 8:15 &#8211;\u00a0 15:30, mandag til fredag. Telefonen er betjent fra 08:10 til 11:30. Ringer du etter lunsj, har vi for tiden ikke kapasitet til \u00e5 svare umiddelbart. \u00a0Mandag til&hellip;&nbsp;<a href=\"https:\/\/solaonh.no\/wordpress\/kontaktinformasjon\/\" rel=\"bookmark\">Les mer &raquo;<span class=\"screen-reader-text\">Kontakt<\/span><\/a><\/p>\n","protected":false},"author":1,"featured_media":0,"parent":0,"menu_order":0,"comment_status":"closed","ping_status":"closed","template":"","meta":{"neve_meta_sidebar":"","neve_meta_container":"","neve_meta_enable_content_width":"off","neve_meta_content_width":100,"neve_meta_title_alignment":"","neve_meta_author_avatar":"","neve_post_elements_order":"","neve_meta_disable_header":"","neve_meta_disable_footer":"","neve_meta_disable_title":"","_themeisle_gutenberg_block_has_review":false,"footnotes":""},"class_list":["post-10","page","type-page","status-publish","hentry"],"_links":{"self":[{"href":"https:\/\/solaonh.no\/wordpress\/wp-json\/wp\/v2\/pages\/10","targetHints":{"allow":["GET"]}}],"collection":[{"href":"https:\/\/solaonh.no\/wordpress\/wp-json\/wp\/v2\/pages"}],"about":[{"href":"https:\/\/solaonh.no\/wordpress\/wp-json\/wp\/v2\/types\/page"}],"author":[{"embeddable":true,"href":"https:\/\/solaonh.no\/wordpress\/wp-json\/wp\/v2\/users\/1"}],"replies":[{"embeddable":true,"href":"https:\/\/solaonh.no\/wordpress\/wp-json\/wp\/v2\/comments?post=10"}],"version-history":[{"count":50,"href":"https:\/\/solaonh.no\/wordpress\/wp-json\/wp\/v2\/pages\/10\/revisions"}],"predecessor-version":[{"id":801,"href":"https:\/\/solaonh.no\/wordpress\/wp-json\/wp\/v2\/pages\/10\/revisions\/801"}],"wp:attachment":[{"href":"https:\/\/solaonh.no\/wordpress\/wp-json\/wp\/v2\/media?parent=10"}],"curies":[{"name":"wp","href":"https:\/\/api.w.org\/{rel}","templated":true}]}}